{"id":47,"date":"2024-03-06T16:54:33","date_gmt":"2024-03-06T15:54:33","guid":{"rendered":"http:\/\/lescrayonneuses.com\/?page_id=47"},"modified":"2024-03-07T17:44:43","modified_gmt":"2024-03-07T16:44:43","slug":"pousse-caillou","status":"publish","type":"page","link":"http:\/\/lescrayonneuses.com\/?page_id=47","title":{"rendered":"Pousse-caillou"},"content":{"rendered":"\n\n\n<div class=\"wp-block-columns is-layout-flex wp-container-core-columns-is-layout-28f84493 wp-block-columns-is-layout-flex\">\n<div class=\"wp-block-column is-layout-flow wp-block-column-is-layout-flow\" style=\"flex-basis:100%\">\n<ul class=\"wp-block-list\">\n<li class=\"has-heading-font-family has-medium-font-size\">Forme courte tout terrain d\u2019environ 30 min, de 18 mois \u00e0 4 ans.<\/li>\n\n\n\n<li class=\"has-heading-font-family has-medium-font-size\">Une aventure \u00e0 mi-chemin entre le spectacle et l\u2019atelier. <\/li>\n<\/ul>\n<\/div>\n<\/div>\n\n\n\n<div class=\"wp-block-media-text is-stacked-on-mobile is-style-rounded\" style=\"grid-template-columns:51% auto\"><figure class=\"wp-block-media-text__media\"><img loading=\"lazy\" decoding=\"async\" width=\"300\" height=\"225\" src=\"http:\/\/lescrayonneuses.com\/wp-content\/uploads\/2024\/03\/IMG_0320-300x225.jpg\" alt=\"\" class=\"wp-image-42 size-full\" srcset=\"http:\/\/lescrayonneuses.com\/wp-content\/uploads\/2024\/03\/IMG_0320-300x225.jpg 300w, http:\/\/lescrayonneuses.com\/wp-content\/uploads\/2024\/03\/IMG_0320-1024x768.jpg 1024w, http:\/\/lescrayonneuses.com\/wp-content\/uploads\/2024\/03\/IMG_0320-768x576.jpg 768w, http:\/\/lescrayonneuses.com\/wp-content\/uploads\/2024\/03\/IMG_0320-1536x1152.jpg 1536w, http:\/\/lescrayonneuses.com\/wp-content\/uploads\/2024\/03\/IMG_0320-2048x1536.jpg 2048w\" sizes=\"auto, (max-width: 300px) 100vw, 300px\" \/><\/figure><div class=\"wp-block-media-text__content\">\n<p class=\"has-heading-font-family\">Berc\u00e9-es par les sonorit\u00e9s du bois, violoncelle et clarinette, nous partons pieds nus, fouler le sol et nous mettre au diapason des cailloux.<\/p>\n\n\n\n<p class=\"has-heading-font-family\">Se laisser aller.<br>A la d\u00e9couverte de nos sensations. Sans attente.<br>Suivre le caillou et red\u00e9couvrir notre nature profonde, vari\u00e9e, abondante et joyeuse.<br>Et jouer ensemble.<\/p>\n<\/div><\/div>\n\n\n\n<blockquote class=\"wp-block-quote has-heading-font-family is-layout-flow wp-block-quote-is-layout-flow\">\n<p class=\"has-heading-font-family has-small-font-size\" style=\"font-style:normal;font-weight:300\">\u00ab&nbsp;Il est beau de s\u2019\u00e9merveiller. Il est tragique de ne pas en \u00eatre capable.<br>Qui s\u2019\u00e9merveille n\u2019est pas indiff\u00e9rent. Il est ouvert au monde, \u00e0 l\u2019humanit\u00e9, \u00e0 l\u2019existence. Il rend possible un lien avec ceux-ci.&nbsp;\u00bb<br><\/p>\n<cite>\u00ab&nbsp;Retour \u00e0 l\u2019\u00e9merveillement&nbsp;\u00bb de Bertrand Vergely<\/cite><\/blockquote>\n\n\n\n<div class=\"wp-block-columns is-layout-flex wp-container-core-columns-is-layout-28f84493 wp-block-columns-is-layout-flex\">\n<div class=\"wp-block-column is-layout-flow wp-block-column-is-layout-flow\" style=\"flex-basis:100%\"><\/div>\n<\/div>\n\n\n\n<div class=\"wp-block-columns is-layout-flex wp-container-core-columns-is-layout-28f84493 wp-block-columns-is-layout-flex\">\n<div class=\"wp-block-column is-layout-flow wp-block-column-is-layout-flow\" style=\"flex-basis:100%\">\n<figure class=\"wp-block-image alignright size-medium is-style-rounded is-style-rounded--1\"><img loading=\"lazy\" decoding=\"async\" width=\"300\" height=\"224\" src=\"http:\/\/lescrayonneuses.com\/wp-content\/uploads\/2024\/03\/danse-1-300x224.png\" alt=\"\" class=\"wp-image-11\" srcset=\"http:\/\/lescrayonneuses.com\/wp-content\/uploads\/2024\/03\/danse-1-300x224.png 300w, http:\/\/lescrayonneuses.com\/wp-content\/uploads\/2024\/03\/danse-1-1024x765.png 1024w, http:\/\/lescrayonneuses.com\/wp-content\/uploads\/2024\/03\/danse-1-768x574.png 768w, http:\/\/lescrayonneuses.com\/wp-content\/uploads\/2024\/03\/danse-1-1536x1147.png 1536w, http:\/\/lescrayonneuses.com\/wp-content\/uploads\/2024\/03\/danse-1-2048x1530.png 2048w\" sizes=\"auto, (max-width: 300px) 100vw, 300px\" \/><\/figure>\n\n\n\n<p class=\"has-heading-font-family has-small-font-size\">Nous jouons entre mati\u00e8re concr\u00e8te et imaginaire, \u00e0 embarquer les participants dans notre navigation active.<\/p>\n\n\n\n<p class=\"has-heading-font-family has-small-font-size\"><br>Ainsi, nous explorons (l\u2019espace, les mati\u00e8res, peut-\u00eatre les autres) et laissons \u00e9merger ce qui ressemble \u00e0 un rituel d\u2019ensauvagement, pour \u00e9veiller notre nature, la nature.<\/p>\n<\/div>\n<\/div>\n\n\n\n<div style=\"height:100px\" aria-hidden=\"true\" class=\"wp-block-spacer\"><\/div>\n\n\n\n<div data-wp-interactive=\"core\/file\" class=\"wp-block-file\"><object data-wp-bind--hidden=\"!state.hasPdfPreview\" hidden class=\"wp-block-file__embed\" data=\"http:\/\/lescrayonneuses.com\/wp-content\/uploads\/2024\/03\/Pousse-caillou-dossier-2.pdf\" type=\"application\/pdf\" style=\"width:100%;height:600px\" aria-label=\"Contenu embarqu\u00e9 Pousse-caillou-dossier-2.\"><\/object><a id=\"wp-block-file--media-1776bb9e-82da-4fe5-a9b0-bcd9dbf86b89\" href=\"http:\/\/lescrayonneuses.com\/wp-content\/uploads\/2024\/03\/Pousse-caillou-dossier-2.pdf\">Pousse-caillou-dossier-2<\/a><a href=\"http:\/\/lescrayonneuses.com\/wp-content\/uploads\/2024\/03\/Pousse-caillou-dossier-2.pdf\" class=\"wp-block-file__button wp-element-button\" download aria-describedby=\"wp-block-file--media-1776bb9e-82da-4fe5-a9b0-bcd9dbf86b89\">Dossier Pousse-caillou<\/a><\/div>\n","protected":false},"excerpt":{"rendered":"<p>Berc\u00e9-es par les sonorit\u00e9s du bois, violoncelle et clarinette, nous partons pieds nus, fouler le sol et nous mettre au diapason des cailloux. Se laisser aller.A la d\u00e9couverte de nos sensations. Sans attente.Suivre le caillou et red\u00e9couvrir notre nature profonde, vari\u00e9e, abondante et joyeuse.Et jouer ensemble. \u00ab&nbsp;Il est beau de s\u2019\u00e9merveiller. Il est tragique de [&hellip;]<\/p>\n","protected":false},"author":1,"featured_media":0,"parent":0,"menu_order":0,"comment_status":"closed","ping_status":"closed","template":"","meta":{"footnotes":""},"class_list":["post-47","page","type-page","status-publish","hentry"],"_links":{"self":[{"href":"http:\/\/lescrayonneuses.com\/index.php?rest_route=\/wp\/v2\/pages\/47","targetHints":{"allow":["GET"]}}],"collection":[{"href":"http:\/\/lescrayonneuses.com\/index.php?rest_route=\/wp\/v2\/pages"}],"about":[{"href":"http:\/\/lescrayonneuses.com\/index.php?rest_route=\/wp\/v2\/types\/page"}],"author":[{"embeddable":true,"href":"http:\/\/lescrayonneuses.com\/index.php?rest_route=\/wp\/v2\/users\/1"}],"replies":[{"embeddable":true,"href":"http:\/\/lescrayonneuses.com\/index.php?rest_route=%2Fwp%2Fv2%2Fcomments&post=47"}],"version-history":[{"count":13,"href":"http:\/\/lescrayonneuses.com\/index.php?rest_route=\/wp\/v2\/pages\/47\/revisions"}],"predecessor-version":[{"id":135,"href":"http:\/\/lescrayonneuses.com\/index.php?rest_route=\/wp\/v2\/pages\/47\/revisions\/135"}],"wp:attachment":[{"href":"http:\/\/lescrayonneuses.com\/index.php?rest_route=%2Fwp%2Fv2%2Fmedia&parent=47"}],"curies":[{"name":"wp","href":"https:\/\/api.w.org\/{rel}","templated":true}]}}